{"id":854,"date":"2015-04-23T00:37:18","date_gmt":"2015-04-23T00:37:18","guid":{"rendered":"http:\/\/themes.suitedbrandlab.com\/?page_id=854"},"modified":"2026-03-23T15:01:30","modified_gmt":"2026-03-23T20:01:30","slug":"sobrearquidea","status":"publish","type":"page","link":"https:\/\/arquideastudio.com\/es\/sobrearquidea\/","title":{"rendered":"Sobre Arqu\u00eddea Studio"},"content":{"rendered":"<div class=\"wp-block-image\">\n<figure class=\"aligncenter size-full\"><img loading=\"lazy\" decoding=\"async\" width=\"1600\" height=\"1067\" src=\"https:\/\/arquideastudio.com\/wp-content\/uploads\/2026\/03\/signal-2026-03-09-204422_009.jpeg\" alt=\"\" class=\"wp-image-4541\" srcset=\"https:\/\/arquideastudio.com\/wp-content\/uploads\/2026\/03\/signal-2026-03-09-204422_009.jpeg 1600w, https:\/\/arquideastudio.com\/wp-content\/uploads\/2026\/03\/signal-2026-03-09-204422_009-300x200.jpeg 300w, https:\/\/arquideastudio.com\/wp-content\/uploads\/2026\/03\/signal-2026-03-09-204422_009-1024x683.jpeg 1024w, https:\/\/arquideastudio.com\/wp-content\/uploads\/2026\/03\/signal-2026-03-09-204422_009-768x512.jpeg 768w, https:\/\/arquideastudio.com\/wp-content\/uploads\/2026\/03\/signal-2026-03-09-204422_009-1536x1024.jpeg 1536w, https:\/\/arquideastudio.com\/wp-content\/uploads\/2026\/03\/signal-2026-03-09-204422_009-18x12.jpeg 18w, https:\/\/arquideastudio.com\/wp-content\/uploads\/2026\/03\/signal-2026-03-09-204422_009-600x400.jpeg 600w\" sizes=\"auto, (max-width: 1600px) 100vw, 1600px\" \/><\/figure>\n<\/div>\n\n\n<p><\/p>\n\n\n\n<h2 class=\"wp-block-heading\">Arquitectura tropical arraigada en la naturaleza y el lugar<\/h2>\n\n\n\n<p>Me llamo Fernanda Weinstein y soy arquitecta desde 2008, cuando me gradu\u00e9 en la Universidad Andr\u00e9s Bello de Chile. Ese mismo a\u00f1o, me mud\u00e9 a Panam\u00e1, donde comenc\u00e9 mi carrera profesional en BT Arquitectos, adquiriendo experiencia en proyectos residenciales de lujo, oficinas, comercio minorista y hosteler\u00eda - incluyendo un hotel y casino a gran escala.<\/p>\n\n\n\n<p>Aquellos primeros a\u00f1os me ense\u00f1aron el valor del trabajo duro, la colaboraci\u00f3n y la precisi\u00f3n. Sin embargo, con el tiempo me di cuenta de que, aunque me encantaba la arquitectura en todas sus formas, mi verdadera pasi\u00f3n era crear espacios que se relacionaran con la naturaleza, lugares en los que la gente sintiera pertenencia, calma y una conexi\u00f3n m\u00e1s profunda con su entorno.<\/p>\n\n\n\n<p>En 2017, la semilla de Arqu\u00eddea fue plantada en Ciudad de Panam\u00e1. Desde sus inicios, el estudio evolucion\u00f3 naturalmente hacia el dise\u00f1o tropical y rural, permiti\u00e9ndome explorar plenamente mi visi\u00f3n: hogares que respetan y celebran su entorno al tiempo que responden a las necesidades y sue\u00f1os de quienes los habitan.<\/p>\n\n\n\n<p>En los \u00faltimos ocho a\u00f1os, he tenido el privilegio de dise\u00f1ar y supervisar la construcci\u00f3n de numerosas casas en entornos tropicales y rurales. A trav\u00e9s de este trabajo, he aprendido de primera mano las sutilezas de la vida tropical, donde el dise\u00f1o sensible al clima, la ventilaci\u00f3n natural y la elecci\u00f3n cuidadosa de los materiales son esenciales. Cada proyecto ha sido un viaje de descubrimiento, que me ha ense\u00f1ado no s\u00f3lo sobre construcci\u00f3n y adaptaci\u00f3n, sino tambi\u00e9n sobre la profunda relaci\u00f3n entre las personas y el lugar.<\/p>\n\n\n\n<p>Tras a\u00f1os de trabajo y dedicaci\u00f3n constantes, hace poco me tom\u00e9 cuatro meses sab\u00e1ticos para hacer una pausa, reflexionar y volver a centrarme. Este per\u00edodo se convirti\u00f3 en un punto de inflexi\u00f3n silencioso pero poderoso, que me reconect\u00f3 con las razones por las que me convert\u00ed en arquitecto: crear belleza con un prop\u00f3sito, trabajar en armon\u00eda con la tierra y dise\u00f1ar espacios que apoyen una forma de vida m\u00e1s intencional.<\/p>\n\n\n\n<p>Hoy en d\u00eda, Arqu\u00eddea sigue evolucionando, ofreciendo tanto arquitectura tropical personalizada como planos de caba\u00f1as tropicales ya hechos, dise\u00f1ados para climas c\u00e1lidos, paisajes rurales y una vida reflexiva.<\/p>\n\n\n\n<figure class=\"wp-block-image size-full\"><img loading=\"lazy\" decoding=\"async\" width=\"2560\" height=\"1967\" src=\"http:\/\/arquideastudio.com\/wp-content\/uploads\/2025\/10\/fer-forest-horizontal-scaled.jpg\" alt=\"\" class=\"wp-image-3706\" srcset=\"https:\/\/arquideastudio.com\/wp-content\/uploads\/2025\/10\/fer-forest-horizontal-scaled.jpg 2560w, https:\/\/arquideastudio.com\/wp-content\/uploads\/2025\/10\/fer-forest-horizontal-300x231.jpg 300w, https:\/\/arquideastudio.com\/wp-content\/uploads\/2025\/10\/fer-forest-horizontal-1024x787.jpg 1024w, https:\/\/arquideastudio.com\/wp-content\/uploads\/2025\/10\/fer-forest-horizontal-768x590.jpg 768w, https:\/\/arquideastudio.com\/wp-content\/uploads\/2025\/10\/fer-forest-horizontal-1536x1180.jpg 1536w, https:\/\/arquideastudio.com\/wp-content\/uploads\/2025\/10\/fer-forest-horizontal-2048x1574.jpg 2048w, https:\/\/arquideastudio.com\/wp-content\/uploads\/2025\/10\/fer-forest-horizontal-1680x1291.jpg 1680w, https:\/\/arquideastudio.com\/wp-content\/uploads\/2025\/10\/fer-forest-horizontal-600x461.jpg 600w\" sizes=\"auto, (max-width: 2560px) 100vw, 2560px\" \/><\/figure>\n\n\n\n<p>Hoy, Arqu\u00eddea entra en un nuevo cap\u00edtulo, basado en la presencia, la artesan\u00eda y la creaci\u00f3n consciente. Ahora me centro en menos proyectos, permitiendo que cada uno reciba el cuidado, la creatividad y la intenci\u00f3n que merece. Esta claridad de objetivos ha llevado al renacimiento de Arqu\u00eddea: un estudio dedicado al dise\u00f1o regenerativo y sensible al clima que honra tanto a las personas como al lugar.<\/p>\n\n\n\n<p>En Arqu\u00eddea innovamos con materiales naturales y sostenibles como la tierra y la cal, creando espacios funcionales y atemporales que se integran armoniosamente con su entorno. Cada proyecto comienza como una \u201csemilla\u201d cuidadosamente nutrida que crece hasta convertirse en un h\u00e1bitat significativo y duradero, guiado por la experiencia, la experimentaci\u00f3n y un profundo conocimiento de la vida tropical.<\/p>\n\n\n\n<p>Ofrecemos servicios integrales de arquitectura y dise\u00f1o a trav\u00e9s de alianzas estrat\u00e9gicas, especialmente para clientes en la Costa del Atardecer Mariato, Veraguas, Panam\u00e1:<\/p>\n\n\n\n<p><strong>B\u00e1rbara Jaime (POZ Design)<\/strong> aporta una excepcional gesti\u00f3n de proyectos, atenci\u00f3n al detalle y coordinaci\u00f3n con el cliente, supervisando el dise\u00f1o de interiores, mobiliario y estilismo, incluyendo soluciones a medida para Airbnb y propiedades hoteleras.<\/p>\n\n\n\n<p><strong>Andoni Iriberri (Tailerra)<\/strong>, ingeniero civil, se especializa en dise\u00f1o regenerativo y materiales de construcci\u00f3n naturales, innovando en Panam\u00e1 con revocos de tierra y m\u00e9todos de construcci\u00f3n sostenibles.<\/p>\n\n\n\n<p><strong>Melissa Pop (Clairmont)<\/strong> aporta su experiencia en branding, redacci\u00f3n publicitaria y dise\u00f1o armonioso de interiores, entretejiendo identidad y narrativa en cada experiencia espacial.<\/p>\n\n\n\n<p>Tambi\u00e9n colaboramos con contratistas locales experimentados, garantizando una construcci\u00f3n de alta calidad y apoyando al mismo tiempo la prosperidad y las oportunidades de la comunidad local.<\/p>\n\n\n\n<p>A trav\u00e9s de estas colaboraciones, Arqu\u00eddea ofrece un proceso completo y sin fisuras, desde los estudios topogr\u00e1ficos y del suelo hasta los planos de construcci\u00f3n, los permisos y la supervisi\u00f3n de la obra, as\u00ed como el dise\u00f1o interior, el mobiliario y el estilismo, garantizando una experiencia de alta calidad desde el concepto hasta la finalizaci\u00f3n.<\/p>\n\n\n\n<p>Mi pasi\u00f3n por la innovaci\u00f3n tambi\u00e9n me impulsa a ofrecer servicios de consultor\u00eda accesibles para clientes rurales. Estos servicios incluyen orientaci\u00f3n sobre dise\u00f1o, an\u00e1lisis de emplazamientos, ubicaci\u00f3n de edificios y selecci\u00f3n de materiales, lo que ayuda a ahorrar tiempo, evitar errores costosos y hacer m\u00e1s accesible el asesoramiento arquitect\u00f3nico profesional.<\/p>\n\n\n\n<p>Adem\u00e1s, estoy desarrollando dise\u00f1os tropicales listos para usar que formar\u00e1n parte de la Tienda Arqu\u00eddea - ofreciendo casas funcionales, bien dise\u00f1adas y accesibles, creadas espec\u00edficamente para climas c\u00e1lidos, paisajes rurales y una vida reflexiva.<\/p>\n\n\n\n<p>Mirando atr\u00e1s, veo Arqu\u00eddea como la culminaci\u00f3n de a\u00f1os de aprendizaje, experimentaci\u00f3n y transformaci\u00f3n - un lugar donde mi visi\u00f3n arquitect\u00f3nica y mi amor por la vida tropical se encuentran, permiti\u00e9ndome ayudar a otros a crear hogares que no son s\u00f3lo edificios, sino espacios de vida, belleza y armon\u00eda.<\/p>\n\n\n\n<figure class=\"wp-block-image size-full\"><img loading=\"lazy\" decoding=\"async\" width=\"2560\" height=\"1967\" src=\"https:\/\/arquideastudio.com\/wp-content\/uploads\/2025\/10\/ferns-hands-scaled.jpg\" alt=\"\" class=\"wp-image-3710\" srcset=\"https:\/\/arquideastudio.com\/wp-content\/uploads\/2025\/10\/ferns-hands-scaled.jpg 2560w, https:\/\/arquideastudio.com\/wp-content\/uploads\/2025\/10\/ferns-hands-300x231.jpg 300w, https:\/\/arquideastudio.com\/wp-content\/uploads\/2025\/10\/ferns-hands-1024x787.jpg 1024w, https:\/\/arquideastudio.com\/wp-content\/uploads\/2025\/10\/ferns-hands-768x590.jpg 768w, https:\/\/arquideastudio.com\/wp-content\/uploads\/2025\/10\/ferns-hands-1536x1180.jpg 1536w, https:\/\/arquideastudio.com\/wp-content\/uploads\/2025\/10\/ferns-hands-2048x1574.jpg 2048w, https:\/\/arquideastudio.com\/wp-content\/uploads\/2025\/10\/ferns-hands-1680x1291.jpg 1680w, https:\/\/arquideastudio.com\/wp-content\/uploads\/2025\/10\/ferns-hands-600x461.jpg 600w\" sizes=\"auto, (max-width: 2560px) 100vw, 2560px\" \/><\/figure>","protected":false},"excerpt":{"rendered":"<p>Tropical Architecture Rooted in Nature and Place My name is Fernanda Weinstein, and I have been an architect since 2008, graduating from Universidad Andr\u00e9s Bello in Chile. That same year, I moved to Panama, where I began my professional career at BT Arquitectos, gaining experience in luxury residential projects, offices, retail, and hospitality \u2014 including a large-scale hotel and casino. Those early years taught me the value of hard work, collaboration, and precision. Over time, however, I realized that while I loved architecture in all its forms, my true passion lay in creating spaces that engage with nature \u2014 places where people feel belonging, calm, and a deeper connection to their surroundings. In 2017, the seed of Arqu\u00eddea was planted in Panama City. From its beginnings, the studio naturally evolved toward tropical and rural design, allowing me to fully explore my vision: homes that respect and celebrate their environment while responding to the needs and dreams of those who inhabit them. Over the past eight years, I have had the privilege of designing and overseeing the construction of numerous homes in tropical and rural settings. Through this work, I\u2019ve learned firsthand the subtleties of tropical living \u2014 where climate-responsive design, natural ventilation, and thoughtful material choices are essential. Each project has been a journey of discovery, teaching me not only about construction and adaptation, but also about the deep relationship between people and place. After years of steady work and dedication, I recently allowed myself a four-month sabbatical \u2014 a time to pause, reflect, and refocus. This period became a quiet yet powerful turning point, reconnecting me with the reasons I became an architect: to create beauty with purpose, work in harmony with the land, and design spaces that support a more intentional way of living. Today, Arqu\u00eddea continues to evolve \u2014 offering both custom tropical architecture and ready-made tropical cabin plans designed for warm climates, rural landscapes, and thoughtful living. Today, Arqu\u00eddea enters a new chapter \u2014 rooted in presence, craftsmanship, and conscious creation. I now focus on fewer projects, allowing each one to receive the care, creativity, and intention it deserves. This clarity of purpose has led to the rebirth of Arqu\u00eddea: a studio dedicated to regenerative, climate-responsive design that honors both people and place. At Arqu\u00eddea, we innovate with natural and sustainable materials such as earth and lime, creating functional, timeless spaces that integrate harmoniously with their&hellip;<\/p>","protected":false},"author":1,"featured_media":0,"parent":0,"menu_order":0,"comment_status":"open","ping_status":"open","template":"","meta":{"jetpack_post_was_ever_published":false,"footnotes":""},"class_list":{"0":"post-854","1":"page","2":"type-page","3":"status-publish","5":"entry"},"jetpack_sharing_enabled":true,"jetpack_shortlink":"https:\/\/wp.me\/P8yfPX-dM","jetpack_likes_enabled":true,"_links":{"self":[{"href":"https:\/\/arquideastudio.com\/es\/wp-json\/wp\/v2\/pages\/854","targetHints":{"allow":["GET"]}}],"collection":[{"href":"https:\/\/arquideastudio.com\/es\/wp-json\/wp\/v2\/pages"}],"about":[{"href":"https:\/\/arquideastudio.com\/es\/wp-json\/wp\/v2\/types\/page"}],"author":[{"embeddable":true,"href":"https:\/\/arquideastudio.com\/es\/wp-json\/wp\/v2\/users\/1"}],"replies":[{"embeddable":true,"href":"https:\/\/arquideastudio.com\/es\/wp-json\/wp\/v2\/comments?post=854"}],"version-history":[{"count":21,"href":"https:\/\/arquideastudio.com\/es\/wp-json\/wp\/v2\/pages\/854\/revisions"}],"predecessor-version":[{"id":4543,"href":"https:\/\/arquideastudio.com\/es\/wp-json\/wp\/v2\/pages\/854\/revisions\/4543"}],"wp:attachment":[{"href":"https:\/\/arquideastudio.com\/es\/wp-json\/wp\/v2\/media?parent=854"}],"curies":[{"name":"wp","href":"https:\/\/api.w.org\/{rel}","templated":true}]}}