{"id":4432,"date":"2026-02-14T13:14:26","date_gmt":"2026-02-14T18:14:26","guid":{"rendered":"https:\/\/arquideastudio.com\/?post_type=product&#038;p=4432"},"modified":"2026-03-24T19:59:52","modified_gmt":"2026-03-25T00:59:52","slug":"casa-jagua-tropical-cabin-plans","status":"publish","type":"product","link":"https:\/\/arquideastudio.com\/es\/producto\/casa-jagua-tropical-cabin-plans\/","title":{"rendered":"Caba\u00f1a Jagua - Casa Jagua - Planos de Caba\u00f1as Tropicales"},"content":{"rendered":"<p data-start=\"1950\" data-end=\"1967\"><strong data-start=\"1950\" data-end=\"1965\">Caba\u00f1a Jagua<\/strong><\/p>\n<p data-start=\"1969\" data-end=\"2038\">Jagua Cabin es un proyecto compacto y cuidadosamente dise\u00f1ado, creado para la vida en el tr\u00f3pico.<\/p>\n<p data-start=\"2040\" data-end=\"2270\">Ofrece un claro punto de partida arquitect\u00f3nico: equilibrio entre sencillez, calidad espacial y adaptabilidad a distintos lugares, climas y usos.<\/p>\n<p data-start=\"2040\" data-end=\"2270\">Dise\u00f1ado para conectar con su entorno, el proyecto hace hincapi\u00e9 en la ventilaci\u00f3n natural, la luz y la relaci\u00f3n entre los espacios interiores y exteriores.<\/p>\n<p data-start=\"2272\" data-end=\"2405\"><img loading=\"lazy\" decoding=\"async\" class=\"aligncenter size-full wp-image-4500\" src=\"http:\/\/arquideastudio.com\/wp-content\/uploads\/2026\/03\/casa-jagua-tropical-cabin-exterior-1.jpg\" alt=\"tropical cabin design Casa Jagua exterior view\" width=\"2060\" height=\"1159\" srcset=\"https:\/\/arquideastudio.com\/wp-content\/uploads\/2026\/03\/casa-jagua-tropical-cabin-exterior-1.jpg 2060w, https:\/\/arquideastudio.com\/wp-content\/uploads\/2026\/03\/casa-jagua-tropical-cabin-exterior-1-300x169.jpg 300w, https:\/\/arquideastudio.com\/wp-content\/uploads\/2026\/03\/casa-jagua-tropical-cabin-exterior-1-1024x576.jpg 1024w, https:\/\/arquideastudio.com\/wp-content\/uploads\/2026\/03\/casa-jagua-tropical-cabin-exterior-1-768x432.jpg 768w, https:\/\/arquideastudio.com\/wp-content\/uploads\/2026\/03\/casa-jagua-tropical-cabin-exterior-1-1536x864.jpg 1536w, https:\/\/arquideastudio.com\/wp-content\/uploads\/2026\/03\/casa-jagua-tropical-cabin-exterior-1-2048x1152.jpg 2048w, https:\/\/arquideastudio.com\/wp-content\/uploads\/2026\/03\/casa-jagua-tropical-cabin-exterior-1-18x10.jpg 18w, https:\/\/arquideastudio.com\/wp-content\/uploads\/2026\/03\/casa-jagua-tropical-cabin-exterior-1-1680x945.jpg 1680w, https:\/\/arquideastudio.com\/wp-content\/uploads\/2026\/03\/casa-jagua-tropical-cabin-exterior-1-600x338.jpg 600w\" sizes=\"auto, (max-width: 2060px) 100vw, 2060px\" \/><\/p>\n<h2 style=\"text-align: center;\" data-section-id=\"1952g02\" data-start=\"2412\" data-end=\"2442\">Caracter\u00edsticas principales<\/h2>\n<ul>\n<li>Dise\u00f1ado para climas tropicales<\/li>\n<li>Dise\u00f1o compacto y eficiente<\/li>\n<li>Relaci\u00f3n fluida entre espacios interiores y exteriores<\/li>\n<li>Adaptable a diferentes emplazamientos y usos<\/li>\n<li>L\u00f3gica arquitect\u00f3nica clara y construible<\/li>\n<\/ul>\n<h2 style=\"text-align: center;\">Disponible en tres versiones<\/h2>\n<p><strong>Concepto<\/strong><\/p>\n<p>Comprender el dise\u00f1o y explorar el espacio<\/p>\n<p style=\"text-align: left;\">Incluye dibujos conceptuales e im\u00e1genes principales<\/p>\n<p><strong>Construir - Recomendado<\/strong><\/p>\n<p>Construir y adaptar el proyecto<\/p>\n<p>Incluye todo en Concepto, adem\u00e1s de archivos CAD editables para su aplicaci\u00f3n real<\/p>\n<p>Incluye todo lo necesario para avanzar hacia la construcci\u00f3n<\/p>\n<p><strong>Sitio adaptado<\/strong><\/p>\n<p>Para una adaptaci\u00f3n m\u00e1s espec\u00edfica a su sitio<\/p>\n<p>Incluye todo en Build, m\u00e1s modelo 3D geolocalizado, estudio de sol\/sombra y 2 horas de personalizaci\u00f3n.<\/p>\n<p><strong>Descarga digital inmediata tras la compra<\/strong><\/p>\n<h2 data-section-id=\"8n6u5v\" data-start=\"3245\" data-end=\"3259\"><img loading=\"lazy\" decoding=\"async\" class=\"aligncenter size-full wp-image-4501\" src=\"http:\/\/arquideastudio.com\/wp-content\/uploads\/2026\/03\/casa-jagua-tropical-cabin-section-1.jpg\" alt=\"tropical cabin terrace Casa Jagua indoor outdoor connection\" width=\"2060\" height=\"1159\" srcset=\"https:\/\/arquideastudio.com\/wp-content\/uploads\/2026\/03\/casa-jagua-tropical-cabin-section-1.jpg 2060w, https:\/\/arquideastudio.com\/wp-content\/uploads\/2026\/03\/casa-jagua-tropical-cabin-section-1-300x169.jpg 300w, https:\/\/arquideastudio.com\/wp-content\/uploads\/2026\/03\/casa-jagua-tropical-cabin-section-1-1024x576.jpg 1024w, https:\/\/arquideastudio.com\/wp-content\/uploads\/2026\/03\/casa-jagua-tropical-cabin-section-1-768x432.jpg 768w, https:\/\/arquideastudio.com\/wp-content\/uploads\/2026\/03\/casa-jagua-tropical-cabin-section-1-1536x864.jpg 1536w, https:\/\/arquideastudio.com\/wp-content\/uploads\/2026\/03\/casa-jagua-tropical-cabin-section-1-2048x1152.jpg 2048w, https:\/\/arquideastudio.com\/wp-content\/uploads\/2026\/03\/casa-jagua-tropical-cabin-section-1-18x10.jpg 18w, https:\/\/arquideastudio.com\/wp-content\/uploads\/2026\/03\/casa-jagua-tropical-cabin-section-1-1680x945.jpg 1680w, https:\/\/arquideastudio.com\/wp-content\/uploads\/2026\/03\/casa-jagua-tropical-cabin-section-1-600x338.jpg 600w\" sizes=\"auto, (max-width: 2060px) 100vw, 2060px\" \/><\/h2>\n<h2 style=\"text-align: center;\" data-section-id=\"8n6u5v\" data-start=\"3245\" data-end=\"3259\">De qu\u00e9 se trata<\/h2>\n<p data-section-id=\"8n6u5v\" data-start=\"3245\" data-end=\"3259\">Jagua Cabin es un modelo arquitect\u00f3nico listo para usar, una base s\u00f3lida que puede adaptarse y desarrollarse en funci\u00f3n de su ubicaci\u00f3n y sus necesidades.<\/p>\n<p data-section-id=\"8n6u5v\" data-start=\"3245\" data-end=\"3259\"><strong>Informaci\u00f3n t\u00e9cnica<\/strong><\/p>\n<ul>\n<li>Nombre del modelo: Casa Jagua<\/li>\n<li>Series: Arqu\u00eddea Tropical Concept Models<\/li>\n<li>Superficie interior: 43 m\u00b2<\/li>\n<li>Superficie terraza: 36 m\u00b2<\/li>\n<li>Superficie total: 79 m\u00b2<\/li>\n<li>Dormitorios: 1<\/li>\n<li>Ba\u00f1os: 1<\/li>\n<li>Lavander\u00eda: 1 armario<\/li>\n<li>Niveles: 1<\/li>\n<li>Huella (superficie cerrada): 6,5 m \u00d7 6,5 m<\/li>\n<li>Adaptabilidad: Climas tropicales y subtropicales<\/li>\n<li>Sistema estructural: Estructura ligera o sistemas locales adaptables<\/li>\n<li>Formato de entrega: Descarga digital<\/li>\n<li>Idiomas incluidos: Ingl\u00e9s \/ Espa\u00f1ol<\/li>\n<\/ul>\n<p><img loading=\"lazy\" decoding=\"async\" class=\"aligncenter size-full wp-image-4499\" src=\"http:\/\/arquideastudio.com\/wp-content\/uploads\/2026\/03\/casa-jagua-tropical-cabin-architectural-plans-scaled.jpg\" alt=\"tropical cabin structure detail Casa Jagua architectural design\" width=\"2560\" height=\"977\" srcset=\"https:\/\/arquideastudio.com\/wp-content\/uploads\/2026\/03\/casa-jagua-tropical-cabin-architectural-plans-scaled.jpg 2560w, https:\/\/arquideastudio.com\/wp-content\/uploads\/2026\/03\/casa-jagua-tropical-cabin-architectural-plans-300x114.jpg 300w, https:\/\/arquideastudio.com\/wp-content\/uploads\/2026\/03\/casa-jagua-tropical-cabin-architectural-plans-1024x391.jpg 1024w, https:\/\/arquideastudio.com\/wp-content\/uploads\/2026\/03\/casa-jagua-tropical-cabin-architectural-plans-768x293.jpg 768w, https:\/\/arquideastudio.com\/wp-content\/uploads\/2026\/03\/casa-jagua-tropical-cabin-architectural-plans-1536x586.jpg 1536w, https:\/\/arquideastudio.com\/wp-content\/uploads\/2026\/03\/casa-jagua-tropical-cabin-architectural-plans-2048x781.jpg 2048w, https:\/\/arquideastudio.com\/wp-content\/uploads\/2026\/03\/casa-jagua-tropical-cabin-architectural-plans-18x7.jpg 18w, https:\/\/arquideastudio.com\/wp-content\/uploads\/2026\/03\/casa-jagua-tropical-cabin-architectural-plans-1680x641.jpg 1680w, https:\/\/arquideastudio.com\/wp-content\/uploads\/2026\/03\/casa-jagua-tropical-cabin-architectural-plans-600x229.jpg 600w\" sizes=\"auto, (max-width: 2560px) 100vw, 2560px\" \/><\/p>\n<h2 style=\"text-align: center;\" data-section-id=\"5e6naq\" data-start=\"3413\" data-end=\"3433\">Notas importantes<\/h2>\n<p>Este modelo debe adaptarse a la normativa local, los requisitos estructurales y los sistemas de construcci\u00f3n.<\/p>\n<p>No se permite la reventa ni la redistribuci\u00f3n.<\/p>\n<p><strong>Un punto de partida, dise\u00f1ado con cuidado.<\/strong><\/p>","protected":false},"excerpt":{"rendered":"<p data-start=\"122\" data-end=\"223\"><b>Jagua Cabin es un modelo de caba\u00f1a tropical listo para adaptar y construir.<\/b><\/p>\n<p data-start=\"122\" data-end=\"223\">Un modelo arquitect\u00f3nico compacto que ofrece un claro punto de partida para la construcci\u00f3n, equilibrando sencillez, calidad espacial y conexi\u00f3n con el entorno.<\/p>\n<p data-start=\"122\" data-end=\"223\"><b>Acceso anticipado con el c\u00f3digo ARQJAGUA<\/b><\/p>\n<p data-start=\"122\" data-end=\"223\">Si tiene alguna pregunta antes de comprar, p\u00f3ngase en contacto con nosotros.<\/p>","protected":false},"featured_media":4502,"comment_status":"open","ping_status":"closed","template":"","meta":{"jetpack_post_was_ever_published":false,"jetpack_publicize_message":"","jetpack_publicize_feature_enabled":true,"jetpack_social_post_already_shared":true,"jetpack_social_options":{"image_generator_settings":{"template":"highway","default_image_id":0,"font":"","enabled":false},"version":2}},"product_brand":[],"product_cat":[107,106],"product_tag":[113,110,111,115,112,108],"class_list":{"0":"post-4432","1":"product","2":"type-product","3":"status-publish","4":"has-post-thumbnail","6":"product_cat-cabin","7":"product_cat-tropical-models","8":"product_tag-cabana-tropical","9":"product_tag-cabin-design","10":"product_tag-modern-tropical-architecture","11":"product_tag-planos-de-casa","12":"product_tag-ready-made-house-plans","13":"product_tag-tropical-cabin-plans","14":"entry","16":"first","17":"instock","18":"purchasable","19":"product-type-variable"},"jetpack_publicize_connections":[],"jetpack_sharing_enabled":true,"jetpack_likes_enabled":true,"_links":{"self":[{"href":"https:\/\/arquideastudio.com\/es\/wp-json\/wp\/v2\/product\/4432","targetHints":{"allow":["GET"]}}],"collection":[{"href":"https:\/\/arquideastudio.com\/es\/wp-json\/wp\/v2\/product"}],"about":[{"href":"https:\/\/arquideastudio.com\/es\/wp-json\/wp\/v2\/types\/product"}],"replies":[{"embeddable":true,"href":"https:\/\/arquideastudio.com\/es\/wp-json\/wp\/v2\/comments?post=4432"}],"wp:featuredmedia":[{"embeddable":true,"href":"https:\/\/arquideastudio.com\/es\/wp-json\/wp\/v2\/media\/4502"}],"wp:attachment":[{"href":"https:\/\/arquideastudio.com\/es\/wp-json\/wp\/v2\/media?parent=4432"}],"wp:term":[{"taxonomy":"product_brand","embeddable":true,"href":"https:\/\/arquideastudio.com\/es\/wp-json\/wp\/v2\/product_brand?post=4432"},{"taxonomy":"product_cat","embeddable":true,"href":"https:\/\/arquideastudio.com\/es\/wp-json\/wp\/v2\/product_cat?post=4432"},{"taxonomy":"product_tag","embeddable":true,"href":"https:\/\/arquideastudio.com\/es\/wp-json\/wp\/v2\/product_tag?post=4432"}],"curies":[{"name":"wp","href":"https:\/\/api.w.org\/{rel}","templated":true}]}}